{"id":4654,"date":"2023-11-20T10:39:24","date_gmt":"2023-11-20T09:39:24","guid":{"rendered":"https:\/\/www.tatabonbec.com\/?post_type=product&#038;p=4654"},"modified":"2025-03-27T14:09:57","modified_gmt":"2025-03-27T13:09:57","slug":"pasteque","status":"publish","type":"product","link":"https:\/\/www.tatabonbec.com\/?product=pasteque","title":{"rendered":"Past\u00e8que"},"content":{"rendered":"<p class=\"surli\">INGR\u00c9DIENTS:<\/p>\n<p>Sucre cristallis\u00e9, sirop de glucose, nougat sec, eau, vinaigre blanc, ar\u00f4me past\u00e8que, colorant rouge, colorant vert et acide citrique.<\/p>\n<p class=\"surli\">DESCRIPTION:<\/p>\n<p>Sucre cuit entre 142\u00b0C et 145\u00b0C, aromatis\u00e9 a la past\u00e8que, form\u00e9 \u00e0 la main, refroidi, d\u00e9coup\u00e9 aux ciseaux de confiseur et emball\u00e9 par nos soins .<\/p>\n<p class=\"surli\">CONSEILS D&rsquo;UTILISATION:<\/p>\n<p>Conservez-les \u00e0 l&rsquo;abri de la lumi\u00e8re et \u00e0 une temp\u00e9rature comprise entre 15\u00b0C et 25\u00b0C. \u00c9vitez toute humidit\u00e9 ( conservation en bo\u00eete herm\u00e9tique). Conservation optimale: 3 mois.<\/p>\n<p class=\"surli\">ALLERG\u00c8NES:<\/p>\n<p>Nous utilisons pour la fabrication de nos p\u00e2tisseries: Gluten, lait, \u0153ufs, fruits \u00e0 coques, soja, arachides et produits avec pr\u00e9sences de sulfites.<\/p>\n<p class=\"surli\">VALEUR NUTRITIVE:<\/p>\n<p>En cours de calcul, disponible prochainement.<\/p>\n","protected":false},"excerpt":{"rendered":"<p>INGR\u00c9DIENTS: Sucre cristallis\u00e9, sirop de glucose, nougat sec, eau, vinaigre  [&#8230;]<\/p>\n","protected":false},"featured_media":4655,"template":"","meta":[],"product_brand":[],"product_cat":[60],"product_tag":[],"class_list":{"0":"post-4654","1":"product","2":"type-product","3":"status-publish","4":"has-post-thumbnail","6":"product_cat-sucres-dorge","8":"first","9":"instock","10":"shipping-taxable","11":"purchasable","12":"product-type-simple"},"yoast_head":"<!-- This site is optimized with the Yoast SEO plugin v27.4 - https:\/\/yoast.com\/product\/yoast-seo-wordpress\/ -->\n<title>Past\u00e8que - Tata Bonbec<\/title>\n<meta name=\"robots\" content=\"index, follow, max-snippet:-1, max-image-preview:large, max-video-preview:-1\" \/>\n<link rel=\"canonical\" href=\"https:\/\/www.tatabonbec.com\/?product=pasteque\" \/>\n<meta property=\"og:locale\" content=\"fr_FR\" \/>\n<meta property=\"og:type\" content=\"article\" \/>\n<meta property=\"og:title\" content=\"Past\u00e8que - Tata Bonbec\" \/>\n<meta property=\"og:description\" content=\"INGR\u00c9DIENTS: Sucre cristallis\u00e9, sirop de glucose, nougat sec, eau, vinaigre [...]\" \/>\n<meta property=\"og:url\" content=\"https:\/\/www.tatabonbec.com\/?product=pasteque\" \/>\n<meta property=\"og:site_name\" content=\"Tata Bonbec\" \/>\n<meta property=\"article:publisher\" content=\"https:\/\/www.facebook.com\/121973105080849\/posts\/783835492227937\/\" \/>\n<meta property=\"article:modified_time\" content=\"2025-03-27T13:09:57+00:00\" \/>\n<meta property=\"og:image\" content=\"https:\/\/www.tatabonbec.com\/wp-content\/uploads\/2023\/11\/sd-pasteque.png\" \/>\n\t<meta property=\"og:image:width\" content=\"341\" \/>\n\t<meta property=\"og:image:height\" content=\"345\" \/>\n\t<meta property=\"og:image:type\" content=\"image\/png\" \/>\n<meta name=\"twitter:card\" content=\"summary_large_image\" \/>\n<meta name=\"twitter:label1\" content=\"Dur\u00e9e de lecture estim\u00e9e\" \/>\n\t<meta name=\"twitter:data1\" content=\"1 minute\" \/>\n<script type=\"application\/ld+json\" class=\"yoast-schema-graph\">{\"@context\":\"https:\\\/\\\/schema.org\",\"@graph\":[{\"@type\":\"WebPage\",\"@id\":\"https:\\\/\\\/www.tatabonbec.com\\\/?product=pasteque\",\"url\":\"https:\\\/\\\/www.tatabonbec.com\\\/?product=pasteque\",\"name\":\"Past\u00e8que - Tata Bonbec\",\"isPartOf\":{\"@id\":\"https:\\\/\\\/www.tatabonbec.com\\\/#website\"},\"primaryImageOfPage\":{\"@id\":\"https:\\\/\\\/www.tatabonbec.com\\\/?product=pasteque#primaryimage\"},\"image\":{\"@id\":\"https:\\\/\\\/www.tatabonbec.com\\\/?product=pasteque#primaryimage\"},\"thumbnailUrl\":\"https:\\\/\\\/www.tatabonbec.com\\\/wp-content\\\/uploads\\\/2023\\\/11\\\/sd-pasteque.png\",\"datePublished\":\"2023-11-20T09:39:24+00:00\",\"dateModified\":\"2025-03-27T13:09:57+00:00\",\"breadcrumb\":{\"@id\":\"https:\\\/\\\/www.tatabonbec.com\\\/?product=pasteque#breadcrumb\"},\"inLanguage\":\"fr-FR\",\"potentialAction\":[{\"@type\":\"ReadAction\",\"target\":[\"https:\\\/\\\/www.tatabonbec.com\\\/?product=pasteque\"]}]},{\"@type\":\"ImageObject\",\"inLanguage\":\"fr-FR\",\"@id\":\"https:\\\/\\\/www.tatabonbec.com\\\/?product=pasteque#primaryimage\",\"url\":\"https:\\\/\\\/www.tatabonbec.com\\\/wp-content\\\/uploads\\\/2023\\\/11\\\/sd-pasteque.png\",\"contentUrl\":\"https:\\\/\\\/www.tatabonbec.com\\\/wp-content\\\/uploads\\\/2023\\\/11\\\/sd-pasteque.png\",\"width\":341,\"height\":345},{\"@type\":\"BreadcrumbList\",\"@id\":\"https:\\\/\\\/www.tatabonbec.com\\\/?product=pasteque#breadcrumb\",\"itemListElement\":[{\"@type\":\"ListItem\",\"position\":1,\"name\":\"Accueil\",\"item\":\"https:\\\/\\\/www.tatabonbec.com\\\/\"},{\"@type\":\"ListItem\",\"position\":2,\"name\":\"Blog\",\"item\":\"https:\\\/\\\/www.tatabonbec.com\\\/?page_id=1861\"},{\"@type\":\"ListItem\",\"position\":3,\"name\":\"Past\u00e8que\"}]},{\"@type\":\"WebSite\",\"@id\":\"https:\\\/\\\/www.tatabonbec.com\\\/#website\",\"url\":\"https:\\\/\\\/www.tatabonbec.com\\\/\",\"name\":\"Tata Bonbec\",\"description\":\"la boutique en ligne de Tata Bonbec\",\"publisher\":{\"@id\":\"https:\\\/\\\/www.tatabonbec.com\\\/#organization\"},\"potentialAction\":[{\"@type\":\"SearchAction\",\"target\":{\"@type\":\"EntryPoint\",\"urlTemplate\":\"https:\\\/\\\/www.tatabonbec.com\\\/?s={search_term_string}\"},\"query-input\":{\"@type\":\"PropertyValueSpecification\",\"valueRequired\":true,\"valueName\":\"search_term_string\"}}],\"inLanguage\":\"fr-FR\"},{\"@type\":\"Organization\",\"@id\":\"https:\\\/\\\/www.tatabonbec.com\\\/#organization\",\"name\":\"Tata Bonbec\",\"url\":\"https:\\\/\\\/www.tatabonbec.com\\\/\",\"logo\":{\"@type\":\"ImageObject\",\"inLanguage\":\"fr-FR\",\"@id\":\"https:\\\/\\\/www.tatabonbec.com\\\/#\\\/schema\\\/logo\\\/image\\\/\",\"url\":\"https:\\\/\\\/www.tatabonbec.com\\\/wp-content\\\/uploads\\\/2023\\\/11\\\/logo.png\",\"contentUrl\":\"https:\\\/\\\/www.tatabonbec.com\\\/wp-content\\\/uploads\\\/2023\\\/11\\\/logo.png\",\"width\":200,\"height\":100,\"caption\":\"Tata Bonbec\"},\"image\":{\"@id\":\"https:\\\/\\\/www.tatabonbec.com\\\/#\\\/schema\\\/logo\\\/image\\\/\"},\"sameAs\":[\"https:\\\/\\\/www.facebook.com\\\/121973105080849\\\/posts\\\/783835492227937\\\/\",\"https:\\\/\\\/www.tiktok.com\\\/@tatabonbec\",\"https:\\\/\\\/www.instagram.com\\\/p\\\/CtzTACigzgX\\\/\"]}]}<\/script>\n<!-- \/ Yoast SEO plugin. -->","yoast_head_json":{"title":"Past\u00e8que - Tata Bonbec","robots":{"index":"index","follow":"follow","max-snippet":"max-snippet:-1","max-image-preview":"max-image-preview:large","max-video-preview":"max-video-preview:-1"},"canonical":"https:\/\/www.tatabonbec.com\/?product=pasteque","og_locale":"fr_FR","og_type":"article","og_title":"Past\u00e8que - Tata Bonbec","og_description":"INGR\u00c9DIENTS: Sucre cristallis\u00e9, sirop de glucose, nougat sec, eau, vinaigre [...]","og_url":"https:\/\/www.tatabonbec.com\/?product=pasteque","og_site_name":"Tata Bonbec","article_publisher":"https:\/\/www.facebook.com\/121973105080849\/posts\/783835492227937\/","article_modified_time":"2025-03-27T13:09:57+00:00","og_image":[{"width":341,"height":345,"url":"https:\/\/www.tatabonbec.com\/wp-content\/uploads\/2023\/11\/sd-pasteque.png","type":"image\/png"}],"twitter_card":"summary_large_image","twitter_misc":{"Dur\u00e9e de lecture estim\u00e9e":"1 minute"},"schema":{"@context":"https:\/\/schema.org","@graph":[{"@type":"WebPage","@id":"https:\/\/www.tatabonbec.com\/?product=pasteque","url":"https:\/\/www.tatabonbec.com\/?product=pasteque","name":"Past\u00e8que - Tata Bonbec","isPartOf":{"@id":"https:\/\/www.tatabonbec.com\/#website"},"primaryImageOfPage":{"@id":"https:\/\/www.tatabonbec.com\/?product=pasteque#primaryimage"},"image":{"@id":"https:\/\/www.tatabonbec.com\/?product=pasteque#primaryimage"},"thumbnailUrl":"https:\/\/www.tatabonbec.com\/wp-content\/uploads\/2023\/11\/sd-pasteque.png","datePublished":"2023-11-20T09:39:24+00:00","dateModified":"2025-03-27T13:09:57+00:00","breadcrumb":{"@id":"https:\/\/www.tatabonbec.com\/?product=pasteque#breadcrumb"},"inLanguage":"fr-FR","potentialAction":[{"@type":"ReadAction","target":["https:\/\/www.tatabonbec.com\/?product=pasteque"]}]},{"@type":"ImageObject","inLanguage":"fr-FR","@id":"https:\/\/www.tatabonbec.com\/?product=pasteque#primaryimage","url":"https:\/\/www.tatabonbec.com\/wp-content\/uploads\/2023\/11\/sd-pasteque.png","contentUrl":"https:\/\/www.tatabonbec.com\/wp-content\/uploads\/2023\/11\/sd-pasteque.png","width":341,"height":345},{"@type":"BreadcrumbList","@id":"https:\/\/www.tatabonbec.com\/?product=pasteque#breadcrumb","itemListElement":[{"@type":"ListItem","position":1,"name":"Accueil","item":"https:\/\/www.tatabonbec.com\/"},{"@type":"ListItem","position":2,"name":"Blog","item":"https:\/\/www.tatabonbec.com\/?page_id=1861"},{"@type":"ListItem","position":3,"name":"Past\u00e8que"}]},{"@type":"WebSite","@id":"https:\/\/www.tatabonbec.com\/#website","url":"https:\/\/www.tatabonbec.com\/","name":"Tata Bonbec","description":"la boutique en ligne de Tata Bonbec","publisher":{"@id":"https:\/\/www.tatabonbec.com\/#organization"},"potentialAction":[{"@type":"SearchAction","target":{"@type":"EntryPoint","urlTemplate":"https:\/\/www.tatabonbec.com\/?s={search_term_string}"},"query-input":{"@type":"PropertyValueSpecification","valueRequired":true,"valueName":"search_term_string"}}],"inLanguage":"fr-FR"},{"@type":"Organization","@id":"https:\/\/www.tatabonbec.com\/#organization","name":"Tata Bonbec","url":"https:\/\/www.tatabonbec.com\/","logo":{"@type":"ImageObject","inLanguage":"fr-FR","@id":"https:\/\/www.tatabonbec.com\/#\/schema\/logo\/image\/","url":"https:\/\/www.tatabonbec.com\/wp-content\/uploads\/2023\/11\/logo.png","contentUrl":"https:\/\/www.tatabonbec.com\/wp-content\/uploads\/2023\/11\/logo.png","width":200,"height":100,"caption":"Tata Bonbec"},"image":{"@id":"https:\/\/www.tatabonbec.com\/#\/schema\/logo\/image\/"},"sameAs":["https:\/\/www.facebook.com\/121973105080849\/posts\/783835492227937\/","https:\/\/www.tiktok.com\/@tatabonbec","https:\/\/www.instagram.com\/p\/CtzTACigzgX\/"]}]}},"jetpack_sharing_enabled":true,"_links":{"self":[{"href":"https:\/\/www.tatabonbec.com\/index.php?rest_route=\/wp\/v2\/product\/4654","targetHints":{"allow":["GET"]}}],"collection":[{"href":"https:\/\/www.tatabonbec.com\/index.php?rest_route=\/wp\/v2\/product"}],"about":[{"href":"https:\/\/www.tatabonbec.com\/index.php?rest_route=\/wp\/v2\/types\/product"}],"wp:featuredmedia":[{"embeddable":true,"href":"https:\/\/www.tatabonbec.com\/index.php?rest_route=\/wp\/v2\/media\/4655"}],"wp:attachment":[{"href":"https:\/\/www.tatabonbec.com\/index.php?rest_route=%2Fwp%2Fv2%2Fmedia&parent=4654"}],"wp:term":[{"taxonomy":"product_brand","embeddable":true,"href":"https:\/\/www.tatabonbec.com\/index.php?rest_route=%2Fwp%2Fv2%2Fproduct_brand&post=4654"},{"taxonomy":"product_cat","embeddable":true,"href":"https:\/\/www.tatabonbec.com\/index.php?rest_route=%2Fwp%2Fv2%2Fproduct_cat&post=4654"},{"taxonomy":"product_tag","embeddable":true,"href":"https:\/\/www.tatabonbec.com\/index.php?rest_route=%2Fwp%2Fv2%2Fproduct_tag&post=4654"}],"curies":[{"name":"wp","href":"https:\/\/api.w.org\/{rel}","templated":true}]}}